{"id":19,"date":"2021-12-15T02:36:20","date_gmt":"2021-12-15T02:36:20","guid":{"rendered":"https:\/\/maluvimoveis.com.br\/?page_id=19"},"modified":"2021-12-31T19:25:47","modified_gmt":"2021-12-31T19:25:47","slug":"about","status":"publish","type":"page","link":"https:\/\/maluvimoveis.com.br\/?page_id=19","title":{"rendered":"O que \u00e9 o MVA?"},"content":{"rendered":"\t\t<div data-elementor-type=\"wp-page\" data-elementor-id=\"19\" class=\"elementor elementor-19\">\n\t\t\t\t\t\t<section class=\"elementor-section elementor-top-section elementor-element elementor-element-23819bda elementor-section-boxed elementor-section-height-default elementor-section-height-default\" data-id=\"23819bda\" data-element_type=\"section\" data-e-type=\"section\">\n\t\t\t\t\t\t<div class=\"elementor-container elementor-column-gap-default\">\n\t\t\t\t\t<div class=\"elementor-column elementor-col-100 elementor-top-column elementor-element elementor-element-45ad16b6\" data-id=\"45ad16b6\" data-element_type=\"column\" data-e-type=\"column\">\n\t\t\t<div class=\"elementor-widget-wrap elementor-element-populated\">\n\t\t\t\t\t\t<div class=\"elementor-element elementor-element-464edce4 elementor-widget elementor-widget-text-editor\" data-id=\"464edce4\" data-element_type=\"widget\" data-e-type=\"widget\" data-widget_type=\"text-editor.default\">\n\t\t\t\t<div class=\"elementor-widget-container\">\n\t\t\t\t\t\t\t\t\t<p><\/p>\n<h1><span style=\"color: #4f4f4f; font-family: CooperHewitt-Book; font-size: min(3.56595vw, 26.7446px); white-space: pre-wrap;\">S\u00e3o m\u00f3veis planejados fabricados em alum\u00ednio, vidro e inox, assim, s\u00e3o m\u00f3veis com alta durabilidade, resistentes \u00e0 \u00e1gua e umidade. Tudo isso agregando muito mais eleg\u00e2ncia e sofistica\u00e7\u00e3o para o seu ambiente. <\/span><\/h1>\n<p><\/p>\t\t\t\t\t\t\t\t<\/div>\n\t\t\t\t<\/div>\n\t\t\t\t\t<\/div>\n\t\t<\/div>\n\t\t\t\t\t<\/div>\n\t\t<\/section>\n\t\t\t\t<section class=\"elementor-section elementor-top-section elementor-element elementor-element-6f89ebc elementor-section-boxed elementor-section-height-default elementor-section-height-default\" data-id=\"6f89ebc\" data-element_type=\"section\" data-e-type=\"section\">\n\t\t\t\t\t\t<div class=\"elementor-container elementor-column-gap-default\">\n\t\t\t\t\t<div class=\"elementor-column elementor-col-100 elementor-top-column elementor-element elementor-element-ce91791\" data-id=\"ce91791\" data-element_type=\"column\" data-e-type=\"column\">\n\t\t\t<div class=\"elementor-widget-wrap elementor-element-populated\">\n\t\t\t\t\t\t<div class=\"elementor-element elementor-element-4a87dcf elementor-widget elementor-widget-spacer\" data-id=\"4a87dcf\" data-element_type=\"widget\" data-e-type=\"widget\" data-widget_type=\"spacer.default\">\n\t\t\t\t<div class=\"elementor-widget-container\">\n\t\t\t\t\t\t\t<div class=\"elementor-spacer\">\n\t\t\t<div class=\"elementor-spacer-inner\"><\/div>\n\t\t<\/div>\n\t\t\t\t\t\t<\/div>\n\t\t\t\t<\/div>\n\t\t\t\t\t<\/div>\n\t\t<\/div>\n\t\t\t\t\t<\/div>\n\t\t<\/section>\n\t\t\t\t<section class=\"elementor-section elementor-top-section elementor-element elementor-element-a916dc9 elementor-section-boxed elementor-section-height-default elementor-section-height-default\" data-id=\"a916dc9\" data-element_type=\"section\" data-e-type=\"section\">\n\t\t\t\t\t\t<div class=\"elementor-container elementor-column-gap-default\">\n\t\t\t\t\t<div class=\"elementor-column elementor-col-100 elementor-top-column elementor-element elementor-element-3af1cbb\" data-id=\"3af1cbb\" data-element_type=\"column\" data-e-type=\"column\">\n\t\t\t<div class=\"elementor-widget-wrap elementor-element-populated\">\n\t\t\t\t\t\t<div class=\"elementor-element elementor-element-4620b65 elementor-button-success elementor-align-center elementor-widget elementor-widget-button\" data-id=\"4620b65\" data-element_type=\"widget\" data-e-type=\"widget\" data-widget_type=\"button.default\">\n\t\t\t\t<div class=\"elementor-widget-container\">\n\t\t\t\t\t\t\t\t\t<div class=\"elementor-button-wrapper\">\n\t\t\t\t\t<a class=\"elementor-button elementor-button-link elementor-size-lg elementor-animation-pulse\" href=\"http:\/\/bit.ly\/2KRH4B0\" target=\"_blank\">\n\t\t\t\t\t\t<span class=\"elementor-button-content-wrapper\">\n\t\t\t\t\t\t<span class=\"elementor-button-icon\">\n\t\t\t\t<i aria-hidden=\"true\" class=\"fab fa-whatsapp\"><\/i>\t\t\t<\/span>\n\t\t\t\t\t\t\t\t\t<span class=\"elementor-button-text\">PARA OR\u00c7AMENTOS OU DUVIDAS, NOS ENVIE UM WHATSAPP CLICANDO AQUI<\/span>\n\t\t\t\t\t<\/span>\n\t\t\t\t\t<\/a>\n\t\t\t\t<\/div>\n\t\t\t\t\t\t\t\t<\/div>\n\t\t\t\t<\/div>\n\t\t\t\t\t<\/div>\n\t\t<\/div>\n\t\t\t\t\t<\/div>\n\t\t<\/section>\n\t\t\t\t<section class=\"elementor-section elementor-top-section elementor-element elementor-element-fc0a9c3 elementor-section-boxed elementor-section-height-default elementor-section-height-default\" data-id=\"fc0a9c3\" data-element_type=\"section\" data-e-type=\"section\">\n\t\t\t\t\t\t<div class=\"elementor-container elementor-column-gap-default\">\n\t\t\t\t\t<div class=\"elementor-column elementor-col-100 elementor-top-column elementor-element elementor-element-9926cd6\" data-id=\"9926cd6\" data-element_type=\"column\" data-e-type=\"column\">\n\t\t\t<div class=\"elementor-widget-wrap elementor-element-populated\">\n\t\t\t\t\t\t<div class=\"elementor-element elementor-element-2067ff2 elementor-widget elementor-widget-spacer\" data-id=\"2067ff2\" data-element_type=\"widget\" data-e-type=\"widget\" data-widget_type=\"spacer.default\">\n\t\t\t\t<div class=\"elementor-widget-container\">\n\t\t\t\t\t\t\t<div class=\"elementor-spacer\">\n\t\t\t<div class=\"elementor-spacer-inner\"><\/div>\n\t\t<\/div>\n\t\t\t\t\t\t<\/div>\n\t\t\t\t<\/div>\n\t\t\t\t\t<\/div>\n\t\t<\/div>\n\t\t\t\t\t<\/div>\n\t\t<\/section>\n\t\t\t\t<section class=\"elementor-section elementor-top-section elementor-element elementor-element-9b33367 elementor-section-boxed elementor-section-height-default elementor-section-height-default\" data-id=\"9b33367\" data-element_type=\"section\" data-e-type=\"section\">\n\t\t\t\t\t\t<div class=\"elementor-container elementor-column-gap-default\">\n\t\t\t\t\t<div class=\"elementor-column elementor-col-100 elementor-top-column elementor-element elementor-element-5be6eea\" data-id=\"5be6eea\" data-element_type=\"column\" data-e-type=\"column\">\n\t\t\t<div class=\"elementor-widget-wrap elementor-element-populated\">\n\t\t\t\t\t\t<div class=\"elementor-element elementor-element-7b285b0 elementor-widget elementor-widget-image\" data-id=\"7b285b0\" data-element_type=\"widget\" data-e-type=\"widget\" data-widget_type=\"image.default\">\n\t\t\t\t<div class=\"elementor-widget-container\">\n\t\t\t\t\t\t\t\t\t\t\t\t\t\t\t<img fetchpriority=\"high\" decoding=\"async\" width=\"720\" height=\"540\" src=\"https:\/\/maluvimoveis.com.br\/wp-content\/uploads\/2021\/12\/264830471_656907225671852_7409705711694054065_n-1-768x576.jpg\" class=\"attachment-medium_large size-medium_large wp-image-72\" alt=\"\" srcset=\"https:\/\/maluvimoveis.com.br\/wp-content\/uploads\/2021\/12\/264830471_656907225671852_7409705711694054065_n-1-768x576.jpg 768w, https:\/\/maluvimoveis.com.br\/wp-content\/uploads\/2021\/12\/264830471_656907225671852_7409705711694054065_n-1-300x225.jpg 300w, https:\/\/maluvimoveis.com.br\/wp-content\/uploads\/2021\/12\/264830471_656907225671852_7409705711694054065_n-1-1024x768.jpg 1024w, https:\/\/maluvimoveis.com.br\/wp-content\/uploads\/2021\/12\/264830471_656907225671852_7409705711694054065_n-1-80x60.jpg 80w, https:\/\/maluvimoveis.com.br\/wp-content\/uploads\/2021\/12\/264830471_656907225671852_7409705711694054065_n-1.jpg 1440w\" sizes=\"(max-width: 720px) 100vw, 720px\" \/>\t\t\t\t\t\t\t\t\t\t\t\t\t\t\t<\/div>\n\t\t\t\t<\/div>\n\t\t\t\t\t<\/div>\n\t\t<\/div>\n\t\t\t\t\t<\/div>\n\t\t<\/section>\n\t\t\t\t<section class=\"elementor-section elementor-top-section elementor-element elementor-element-47f9bd6 elementor-section-boxed elementor-section-height-default elementor-section-height-default\" data-id=\"47f9bd6\" data-element_type=\"section\" data-e-type=\"section\">\n\t\t\t\t\t\t<div class=\"elementor-container elementor-column-gap-default\">\n\t\t\t\t\t<div class=\"elementor-column elementor-col-100 elementor-top-column elementor-element elementor-element-8855c81\" data-id=\"8855c81\" data-element_type=\"column\" data-e-type=\"column\">\n\t\t\t<div class=\"elementor-widget-wrap elementor-element-populated\">\n\t\t\t\t\t\t<div class=\"elementor-element elementor-element-288907c elementor-widget elementor-widget-spacer\" data-id=\"288907c\" data-element_type=\"widget\" data-e-type=\"widget\" data-widget_type=\"spacer.default\">\n\t\t\t\t<div class=\"elementor-widget-container\">\n\t\t\t\t\t\t\t<div class=\"elementor-spacer\">\n\t\t\t<div class=\"elementor-spacer-inner\"><\/div>\n\t\t<\/div>\n\t\t\t\t\t\t<\/div>\n\t\t\t\t<\/div>\n\t\t\t\t\t<\/div>\n\t\t<\/div>\n\t\t\t\t\t<\/div>\n\t\t<\/section>\n\t\t\t\t<section class=\"elementor-section elementor-top-section elementor-element elementor-element-00dfc48 elementor-section-boxed elementor-section-height-default elementor-section-height-default\" data-id=\"00dfc48\" data-element_type=\"section\" data-e-type=\"section\">\n\t\t\t\t\t\t<div class=\"elementor-container elementor-column-gap-default\">\n\t\t\t\t\t<div class=\"elementor-column elementor-col-100 elementor-top-column elementor-element elementor-element-fd84afa\" data-id=\"fd84afa\" data-element_type=\"column\" data-e-type=\"column\">\n\t\t\t<div class=\"elementor-widget-wrap elementor-element-populated\">\n\t\t\t\t\t\t<div class=\"elementor-element elementor-element-3d245b6 elementor-widget elementor-widget-image\" data-id=\"3d245b6\" data-element_type=\"widget\" data-e-type=\"widget\" data-widget_type=\"image.default\">\n\t\t\t\t<div class=\"elementor-widget-container\">\n\t\t\t\t\t\t\t\t\t\t\t\t\t\t\t<img decoding=\"async\" width=\"300\" height=\"158\" src=\"https:\/\/maluvimoveis.com.br\/wp-content\/uploads\/2021\/12\/referencia_aplicacao_fundo_azul-300x158.png\" class=\"attachment-medium size-medium wp-image-258\" alt=\"\" srcset=\"https:\/\/maluvimoveis.com.br\/wp-content\/uploads\/2021\/12\/referencia_aplicacao_fundo_azul-300x158.png 300w, https:\/\/maluvimoveis.com.br\/wp-content\/uploads\/2021\/12\/referencia_aplicacao_fundo_azul-1024x540.png 1024w, https:\/\/maluvimoveis.com.br\/wp-content\/uploads\/2021\/12\/referencia_aplicacao_fundo_azul-768x405.png 768w, https:\/\/maluvimoveis.com.br\/wp-content\/uploads\/2021\/12\/referencia_aplicacao_fundo_azul-1536x810.png 1536w, https:\/\/maluvimoveis.com.br\/wp-content\/uploads\/2021\/12\/referencia_aplicacao_fundo_azul-2048x1081.png 2048w, https:\/\/maluvimoveis.com.br\/wp-content\/uploads\/2021\/12\/referencia_aplicacao_fundo_azul-590x310.png 590w\" sizes=\"(max-width: 300px) 100vw, 300px\" \/>\t\t\t\t\t\t\t\t\t\t\t\t\t\t\t<\/div>\n\t\t\t\t<\/div>\n\t\t\t\t\t<\/div>\n\t\t<\/div>\n\t\t\t\t\t<\/div>\n\t\t<\/section>\n\t\t\t\t<\/div>\n\t\t","protected":false},"excerpt":{"rendered":"<p>S\u00e3o m\u00f3veis planejados fabricados em alum\u00ednio, vidro e inox, assim, s\u00e3o m\u00f3veis com alta durabilidade, resistentes \u00e0 \u00e1gua e umidade. Tudo isso agregando muito mais eleg\u00e2ncia e sofistica\u00e7\u00e3o para o seu ambiente. PARA OR\u00c7AMENTOS OU DUVIDAS, NOS ENVIE UM WHATSAPP CLICANDO AQUI<\/p>\n","protected":false},"author":1,"featured_media":0,"parent":0,"menu_order":0,"comment_status":"closed","ping_status":"closed","template":"","meta":{"om_disable_all_campaigns":false,"_monsterinsights_skip_tracking":false,"_monsterinsights_sitenote_active":false,"_monsterinsights_sitenote_note":"","_monsterinsights_sitenote_category":0,"footnotes":""},"class_list":["post-19","page","type-page","status-publish","hentry"],"aioseo_notices":[],"_links":{"self":[{"href":"https:\/\/maluvimoveis.com.br\/index.php?rest_route=\/wp\/v2\/pages\/19","targetHints":{"allow":["GET"]}}],"collection":[{"href":"https:\/\/maluvimoveis.com.br\/index.php?rest_route=\/wp\/v2\/pages"}],"about":[{"href":"https:\/\/maluvimoveis.com.br\/index.php?rest_route=\/wp\/v2\/types\/page"}],"author":[{"embeddable":true,"href":"https:\/\/maluvimoveis.com.br\/index.php?rest_route=\/wp\/v2\/users\/1"}],"replies":[{"embeddable":true,"href":"https:\/\/maluvimoveis.com.br\/index.php?rest_route=%2Fwp%2Fv2%2Fcomments&post=19"}],"version-history":[{"count":17,"href":"https:\/\/maluvimoveis.com.br\/index.php?rest_route=\/wp\/v2\/pages\/19\/revisions"}],"predecessor-version":[{"id":317,"href":"https:\/\/maluvimoveis.com.br\/index.php?rest_route=\/wp\/v2\/pages\/19\/revisions\/317"}],"wp:attachment":[{"href":"https:\/\/maluvimoveis.com.br\/index.php?rest_route=%2Fwp%2Fv2%2Fmedia&parent=19"}],"curies":[{"name":"wp","href":"https:\/\/api.w.org\/{rel}","templated":true}]}}